{"id":670,"date":"2024-11-22T15:28:16","date_gmt":"2024-11-22T14:28:16","guid":{"rendered":"https:\/\/electropiedra.com\/multimedia\/"},"modified":"2024-12-08T10:26:15","modified_gmt":"2024-12-08T09:26:15","slug":"multimedia","status":"publish","type":"page","link":"https:\/\/electropiedra.com\/?page_id=670","title":{"rendered":"Multimedia"},"content":{"rendered":"\n<p><\/p>\n\n\n\n<h2 class=\"wp-block-heading has-text-align-center\">Multimedia<\/h2>\n\n\n\n<figure class=\"wp-block-image aligncenter size-full is-resized\"><img loading=\"lazy\" decoding=\"async\" width=\"715\" height=\"420\" src=\"https:\/\/electropiedra.com\/wp-content\/uploads\/2024\/12\/definicion-tecnologia-multimedia.png.webp\" alt=\"\" class=\"wp-image-1118\" style=\"width:280px\" srcset=\"https:\/\/electropiedra.com\/wp-content\/uploads\/2024\/12\/definicion-tecnologia-multimedia.png.webp 715w, https:\/\/electropiedra.com\/wp-content\/uploads\/2024\/12\/definicion-tecnologia-multimedia.png-300x176.webp 300w\" sizes=\"auto, (max-width: 715px) 100vw, 715px\" \/><\/figure>\n\n\n\n<p>La tecnolog\u00eda multimedia es un tipo de tecnolog\u00eda que integra gr\u00e1ficos, textos, v\u00eddeo, audio, voz, etc. y que permite una gran interactividad en muchos \u00e1mbitos profesionales o educativos.<\/p>\n\n\n\n<p>Ofrecemos un servicio integral de instalaci\u00f3n de sistemas multimedia en el hogar, dise\u00f1ado para transformar tu espacio en un centro de entretenimiento. Nuestro equipo de expertos se encargar\u00e1 de configurar y optimizar todos tus dispositivos multimedia, asegurando que disfrutes de una experiencia de audio y video de alta calidad.<\/p>\n\n\n\n<div class=\"wp-block-buttons is-content-justification-center is-layout-flex wp-container-core-buttons-is-layout-a89b3969 wp-block-buttons-is-layout-flex\">\n<div class=\"wp-block-button\"><a class=\"wp-block-button__link has-text-align-center wp-element-button\" href=\"https:\/\/wa.me\/34684719156\" target=\"_blank\" rel=\"noreferrer noopener\">Dime que necesitas<\/a><\/div>\n<\/div>\n\n\n\n<p><\/p>\n\n\n\n<h2 class=\"wp-block-heading has-text-align-center\"><em>Art\u00edculos recomendados<\/em><\/h2>\n\n\n\n<p class=\"has-text-align-center\">Si lo prefieres puedes pedir las siguientes recomendaciones de Amazon<\/p>\n\n\n\n<h2 class=\"wp-block-heading has-text-align-center\">Promoci\u00f3n Amazon Prime Gratis<\/h2>\n\n\n\n<p class=\"has-text-align-center has-vivid-cyan-blue-color has-text-color has-link-color wp-elements-a5aa5681c0ddb141ceba56a92b7d6bd5\"><a href=\"http:\/\/www.amazon.es\/pruebaprime?tag=IDelectropiedra-21\" target=\"_blank\" rel=\"noopener\" title=\"30 d\u00edas de prueba gratis de Amazon Prime \">30 d\u00edas de prueba gratis de Amazon Prime <\/a><\/p>\n\n\n\n<figure class=\"wp-block-image aligncenter size-full\"><img loading=\"lazy\" decoding=\"async\" width=\"55\" height=\"16\" src=\"https:\/\/electropiedra.com\/wp-content\/uploads\/2024\/11\/image-3.png\" alt=\"\" class=\"wp-image-1021\"\/><\/figure>\n\n\n\n<div class=\"wp-block-buttons is-content-justification-center is-layout-flex wp-container-core-buttons-is-layout-a89b3969 wp-block-buttons-is-layout-flex\">\n<div class=\"wp-block-button\"><a class=\"wp-block-button__link wp-element-button\" href=\"http:\/\/www.amazon.es\/pruebaprime?tag=IDelectropiedra-21\" target=\"_blank\" rel=\"noreferrer noopener\">Amazon Prime Suscripci\u00f3n<\/a><\/div>\n<\/div>\n\n\n\n<div class=\"wp-block-media-text is-stacked-on-mobile\"><figure class=\"wp-block-media-text__media\"><a href=\"https:\/\/amzn.to\/4fSyleG\"><img loading=\"lazy\" decoding=\"async\" width=\"572\" height=\"616\" src=\"https:\/\/electropiedra.com\/wp-content\/uploads\/2024\/11\/Captura-de-pantalla-2024-11-19-161221.png\" alt=\"\" class=\"wp-image-442 size-full\" srcset=\"https:\/\/electropiedra.com\/wp-content\/uploads\/2024\/11\/Captura-de-pantalla-2024-11-19-161221.png 572w, https:\/\/electropiedra.com\/wp-content\/uploads\/2024\/11\/Captura-de-pantalla-2024-11-19-161221-300x323.png 300w, https:\/\/electropiedra.com\/wp-content\/uploads\/2024\/11\/Captura-de-pantalla-2024-11-19-161221-279x300.png 279w\" sizes=\"auto, (max-width: 572px) 100vw, 572px\" \/><\/a><\/figure><div class=\"wp-block-media-text__content\">\n<p class=\"has-ast-global-color-8-color has-text-color has-link-color wp-elements-24d09a1f2460b09ea482dd95648c97a4\"><strong>OUKITEL OT6 Tablet 10.1 Pulgadas &#8211; Android 13 Tablet 16GB+64GB 2T<a href=\"https:\/\/amzn.to\/4fSyleG\">G<\/a>B TF WiFi 6 Tablets, 8000mAh Bater\u00eda Grande, C\u00e1mara 5MP+2MP\/5G WiFi\/BT 5.0\/1280 * 800 HD+\/Toma 3,5 mm\/Widevine L1\/WiFi Tablet.<br><br><a href=\"https:\/\/amzn.to\/3AUw5or\">Precio:<\/a>71,99\u20ac        <a href=\"https:\/\/amzn.to\/4fSyleG\">https:\/\/amzn.to\/4fSyleG<\/a><\/strong><\/p>\n\n\n\n<figure class=\"wp-block-image\"><a href=\"https:\/\/amzn.to\/4fX9tmg\" target=\"_blank\" rel=\"noreferrer noopener\"><img decoding=\"async\" src=\"https:\/\/getaawp.es\/wp-content\/plugins\/aawp\/assets\/img\/icon-check-prime.svg\" alt=\"Amazon Prime\"\/><\/a><\/figure>\n\n\n\n<p class=\"has-ast-global-color-8-color has-text-color has-link-color has-small-font-size wp-elements-c184c070ec2c2cc7977a54fcffb87cde\">Env\u00edo 1 d\u00eda<\/p>\n\n\n\n<p class=\"has-vivid-cyan-blue-color has-text-color has-link-color wp-elements-b95dbc040b5af1abfaa473189cae7db3\"><a href=\"https:\/\/www.amazon.es\/b?node=20791811031\" target=\"_blank\" rel=\"noreferrer noopener\">Devoluciones GRATIS<\/a><\/p>\n\n\n\n<div class=\"wp-block-buttons is-layout-flex wp-block-buttons-is-layout-flex\">\n<div class=\"wp-block-button\"><a class=\"wp-block-button__link wp-element-button\" href=\"https:\/\/amzn.to\/3AUw5or\">Comprar en Amazon<\/a><\/div>\n<\/div>\n<\/div><\/div>\n\n\n\n<div class=\"wp-block-media-text is-stacked-on-mobile\"><figure class=\"wp-block-media-text__media\"><a href=\"https:\/\/amzn.to\/49482A6\"><img loading=\"lazy\" decoding=\"async\" width=\"782\" height=\"680\" src=\"https:\/\/electropiedra.com\/wp-content\/uploads\/2024\/11\/Captura-de-pantalla-2024-11-22-153357.png\" alt=\"\" class=\"wp-image-673 size-full\" srcset=\"https:\/\/electropiedra.com\/wp-content\/uploads\/2024\/11\/Captura-de-pantalla-2024-11-22-153357.png 782w, https:\/\/electropiedra.com\/wp-content\/uploads\/2024\/11\/Captura-de-pantalla-2024-11-22-153357-300x261.png 300w, https:\/\/electropiedra.com\/wp-content\/uploads\/2024\/11\/Captura-de-pantalla-2024-11-22-153357-768x668.png 768w\" sizes=\"auto, (max-width: 782px) 100vw, 782px\" \/><\/a><\/figure><div class=\"wp-block-media-text__content\">\n<p class=\"has-ast-global-color-8-color has-text-color has-link-color wp-elements-efd2cb477c8dfd8c02766460561e70a1\"><strong>OUKITEL OT6 Tablet 10.1 Pulgadas &#8211; Android 13 Tablet 16GB+64GB 2T<a href=\"https:\/\/amzn.to\/4fSyleG\">G<\/a>B TF WiFi 6 Tablets, 8000mAh Bater\u00eda Grande, C\u00e1mara 5MP+2MP\/5G WiFi\/BT 5.0\/1280 * 800 HD+\/Toma 3,5 mm\/Widevine L1\/WiFi Tablet.<br><br><a href=\"https:\/\/amzn.to\/3AUw5or\">Precio:<\/a>71,99\u20ac       <a href=\"https:\/\/amzn.to\/49482A6\">https:\/\/amzn.to\/49482A6<\/a><\/strong><\/p>\n\n\n\n<figure class=\"wp-block-image\"><a href=\"https:\/\/amzn.to\/4fX9tmg\" target=\"_blank\" rel=\"noreferrer noopener\"><img decoding=\"async\" src=\"https:\/\/getaawp.es\/wp-content\/plugins\/aawp\/assets\/img\/icon-check-prime.svg\" alt=\"Amazon Prime\"\/><\/a><\/figure>\n\n\n\n<p class=\"has-ast-global-color-8-color has-text-color has-link-color has-small-font-size wp-elements-c184c070ec2c2cc7977a54fcffb87cde\">Env\u00edo 1 d\u00eda<\/p>\n\n\n\n<p class=\"has-vivid-cyan-blue-color has-text-color has-link-color wp-elements-b95dbc040b5af1abfaa473189cae7db3\"><a href=\"https:\/\/www.amazon.es\/b?node=20791811031\" target=\"_blank\" rel=\"noreferrer noopener\">Devoluciones GRATIS<\/a><\/p>\n\n\n\n<div class=\"wp-block-buttons is-layout-flex wp-block-buttons-is-layout-flex\">\n<div class=\"wp-block-button\"><a class=\"wp-block-button__link wp-element-button\" href=\"https:\/\/amzn.to\/49482A6\">Comprar en Amazon<\/a><\/div>\n<\/div>\n<\/div><\/div>\n\n\n\n<div class=\"wp-block-media-text is-stacked-on-mobile\"><figure class=\"wp-block-media-text__media\"><a href=\"https:\/\/amzn.to\/3Zy2Xg4\" target=\"_blank\" rel=\"https:\/\/amzn.to\/3Zy2Xg4\"><img loading=\"lazy\" decoding=\"async\" width=\"797\" height=\"1024\" src=\"https:\/\/electropiedra.com\/wp-content\/uploads\/2024\/12\/1000137783-797x1024.jpg\" alt=\"\" class=\"wp-image-1079 size-full\" srcset=\"https:\/\/electropiedra.com\/wp-content\/uploads\/2024\/12\/1000137783-797x1024.jpg 797w, https:\/\/electropiedra.com\/wp-content\/uploads\/2024\/12\/1000137783-300x386.jpg 300w, https:\/\/electropiedra.com\/wp-content\/uploads\/2024\/12\/1000137783-233x300.jpg 233w, https:\/\/electropiedra.com\/wp-content\/uploads\/2024\/12\/1000137783-768x987.jpg 768w, https:\/\/electropiedra.com\/wp-content\/uploads\/2024\/12\/1000137783.jpg 1080w\" sizes=\"auto, (max-width: 797px) 100vw, 797px\" \/><\/a><\/figure><div class=\"wp-block-media-text__content\">\n<p class=\"has-ast-global-color-8-color has-text-color has-link-color wp-elements-a80f8d20a0bd261ace276bef1234bbf1\"><strong>MEKO L\u00e1piz iPad 2018-2024 con 13 Minutos de Carga R\u00e1pida, Rechazo de Palma, Sensibilidad de Inclinaci\u00f3n, Pencil para iPad 6-10\u00aa, iPad Air 3-5\u00aa\/11\/13&#8243;, iPad Mini 5\/6\u00aa, iPad Pro 11&#8243;\/12.9&#8243;(3-6\u00aa)\/13&#8243;<br><br><a href=\"https:\/\/amzn.to\/3AUw5or\">Precio:<\/a>18,98\u20ac<\/strong><\/p>\n\n\n\n<p class=\"has-ast-global-color-8-color has-text-color has-link-color wp-elements-4fb24a798ba4c5290e783cb291c3e850\"><a href=\"https:\/\/amzn.to\/3Zy2Xg4\" target=\"_blank\" rel=\"noopener\" title=\"\">https:\/\/amzn.to\/3Zy2Xg4<\/a><\/p>\n\n\n\n<figure class=\"wp-block-image\"><a href=\"https:\/\/amzn.to\/4fX9tmg\" target=\"_blank\" rel=\"noreferrer noopener\"><img decoding=\"async\" src=\"https:\/\/getaawp.es\/wp-content\/plugins\/aawp\/assets\/img\/icon-check-prime.svg\" alt=\"Amazon Prime\"\/><\/a><\/figure>\n\n\n\n<p class=\"has-ast-global-color-8-color has-text-color has-link-color has-small-font-size wp-elements-c184c070ec2c2cc7977a54fcffb87cde\">Env\u00edo 1 d\u00eda<\/p>\n\n\n\n<p class=\"has-vivid-cyan-blue-color has-text-color has-link-color wp-elements-b95dbc040b5af1abfaa473189cae7db3\"><a href=\"https:\/\/www.amazon.es\/b?node=20791811031\" target=\"_blank\" rel=\"noreferrer noopener\">Devoluciones GRATIS<\/a><\/p>\n\n\n\n<div class=\"wp-block-buttons is-layout-flex wp-block-buttons-is-layout-flex\">\n<div class=\"wp-block-button\"><a class=\"wp-block-button__link wp-element-button\" href=\"https:\/\/amzn.to\/3Zy2Xg4\" target=\"_blank\" rel=\"noreferrer noopener\">Comprar en Amazon<\/a><\/div>\n<\/div>\n<\/div><\/div>\n\n\n\n<h2 class=\"wp-block-heading has-text-align-center\">Promoci\u00f3n Amazon Prime Gratis<\/h2>\n\n\n\n<p class=\"has-text-align-center has-vivid-cyan-blue-color has-text-color has-link-color wp-elements-a5aa5681c0ddb141ceba56a92b7d6bd5\"><a href=\"http:\/\/www.amazon.es\/pruebaprime?tag=IDelectropiedra-21\" target=\"_blank\" rel=\"noopener\" title=\"30 d\u00edas de prueba gratis de Amazon Prime \">30 d\u00edas de prueba gratis de Amazon Prime <\/a><\/p>\n\n\n\n<div class=\"wp-block-buttons is-content-justification-center is-layout-flex wp-container-core-buttons-is-layout-a89b3969 wp-block-buttons-is-layout-flex\">\n<div class=\"wp-block-button\"><a class=\"wp-block-button__link wp-element-button\" href=\"http:\/\/www.amazon.es\/pruebaprime?tag=IDelectropiedra-21\" target=\"_blank\" rel=\"noreferrer noopener\">Amazon Prime Suscripci\u00f3n<\/a><\/div>\n<\/div>\n\n\n\n<div class=\"wp-block-buttons is-content-justification-center is-layout-flex wp-container-core-buttons-is-layout-a89b3969 wp-block-buttons-is-layout-flex\">\n<div class=\"wp-block-button\"><a class=\"wp-block-button__link wp-element-button\" href=\"https:\/\/wa.me\/34684719156\" target=\"_blank\" rel=\"noreferrer noopener\">Dime que necesitas en multimedia<\/a><\/div>\n<\/div>\n\n\n\n<p><\/p>\n","protected":false},"excerpt":{"rendered":"<p>Multimedia La tecnolog\u00eda multimedia es un tipo de tecnolog\u00eda que integra gr\u00e1ficos, textos, v\u00eddeo, audio, voz, etc. y que permite una gran interactividad en muchos \u00e1mbitos profesionales o educativos. Ofrecemos un servicio integral de instalaci\u00f3n de sistemas multimedia en el hogar, dise\u00f1ado para transformar tu espacio en un centro de entretenimiento. Nuestro equipo de expertos [&hellip;]<\/p>\n","protected":false},"author":1,"featured_media":0,"parent":0,"menu_order":9,"comment_status":"closed","ping_status":"closed","template":"","meta":{"footnotes":""},"class_list":["post-670","page","type-page","status-publish","hentry"],"aioseo_notices":[],"_links":{"self":[{"href":"https:\/\/electropiedra.com\/index.php?rest_route=\/wp\/v2\/pages\/670","targetHints":{"allow":["GET"]}}],"collection":[{"href":"https:\/\/electropiedra.com\/index.php?rest_route=\/wp\/v2\/pages"}],"about":[{"href":"https:\/\/electropiedra.com\/index.php?rest_route=\/wp\/v2\/types\/page"}],"author":[{"embeddable":true,"href":"https:\/\/electropiedra.com\/index.php?rest_route=\/wp\/v2\/users\/1"}],"replies":[{"embeddable":true,"href":"https:\/\/electropiedra.com\/index.php?rest_route=%2Fwp%2Fv2%2Fcomments&post=670"}],"version-history":[{"count":11,"href":"https:\/\/electropiedra.com\/index.php?rest_route=\/wp\/v2\/pages\/670\/revisions"}],"predecessor-version":[{"id":1174,"href":"https:\/\/electropiedra.com\/index.php?rest_route=\/wp\/v2\/pages\/670\/revisions\/1174"}],"wp:attachment":[{"href":"https:\/\/electropiedra.com\/index.php?rest_route=%2Fwp%2Fv2%2Fmedia&parent=670"}],"curies":[{"name":"wp","href":"https:\/\/api.w.org\/{rel}","templated":true}]}}