{"id":687,"date":"2024-11-23T20:31:23","date_gmt":"2024-11-23T19:31:23","guid":{"rendered":"https:\/\/electropiedra.com\/?page_id=687"},"modified":"2024-12-08T13:13:35","modified_gmt":"2024-12-08T12:13:35","slug":"hr","status":"publish","type":"page","link":"https:\/\/electropiedra.com\/?page_id=687","title":{"rendered":"Herramientas"},"content":{"rendered":"\n<h2 class=\"wp-block-heading has-text-align-center\">Herramientas para instalador<\/h2>\n\n\n\n<p>La industria de la instalaci\u00f3n de aire acondicionado y sistemas el\u00e9ctricos requiere un conjunto especializado de herramientas para asegurar un trabajo de calidad, seguridad y eficiencia. Estas herramientas son fundamentales para los instaladores, ya que les permiten realizar labores que van desde la instalaci\u00f3n y mantenimiento de equipos de climatizaci\u00f3n hasta la manipulaci\u00f3n de circuitos el\u00e9ctricos con precisi\u00f3n.<\/p>\n\n\n\n<p>Contar con las herramientas adecuadas no solo optimiza el proceso de instalaci\u00f3n, sino que tambi\u00e9n garantiza que se cumplan los est\u00e1ndares de seguridad y rendimiento. Desde medidores de voltaje y equipos de refrigeraci\u00f3n hasta herramientas de montaje y conexiones, cada elemento desempe\u00f1a un papel clave en el trabajo diario de un instalador.<\/p>\n\n\n\n<p>En este listado, presentamos diversas herramientas esenciales que todo profesional en el campo de la instalaci\u00f3n de aire acondicionado y sistemas el\u00e9ctricos deber\u00eda considerar. Estas herramientas han sido seleccionadas por su eficacia, durabilidad y contribuci\u00f3n a la mejora general de los procesos de instalaci\u00f3n.<\/p>\n\n\n\n<p><\/p>\n\n\n\n<p><\/p>\n\n\n\n<p class=\"has-text-align-center\">Recomendaciones de Amazon<\/p>\n\n\n\n<h2 class=\"wp-block-heading has-text-align-center\">Promoci\u00f3n Amazon Prime Gratis<\/h2>\n\n\n\n<p class=\"has-text-align-center has-vivid-cyan-blue-color has-text-color has-link-color wp-elements-a5aa5681c0ddb141ceba56a92b7d6bd5\"><a href=\"http:\/\/www.amazon.es\/pruebaprime?tag=IDelectropiedra-21\" target=\"_blank\" rel=\"noopener\" title=\"30 d\u00edas de prueba gratis de Amazon Prime \">30 d\u00edas de prueba gratis de Amazon Prime <\/a><\/p>\n\n\n\n<figure class=\"wp-block-image aligncenter size-full\"><img loading=\"lazy\" decoding=\"async\" width=\"55\" height=\"16\" src=\"https:\/\/electropiedra.com\/wp-content\/uploads\/2024\/11\/image-3.png\" alt=\"\" class=\"wp-image-1021\"\/><\/figure>\n\n\n\n<div class=\"wp-block-buttons is-content-justification-center is-layout-flex wp-container-core-buttons-is-layout-a89b3969 wp-block-buttons-is-layout-flex\">\n<div class=\"wp-block-button\"><a class=\"wp-block-button__link wp-element-button\" href=\"http:\/\/www.amazon.es\/pruebaprime?tag=IDelectropiedra-21\" target=\"_blank\" rel=\"noreferrer noopener\">Amazon Prime Suscripci\u00f3n<\/a><\/div>\n<\/div>\n\n\n\n<h2 class=\"wp-block-heading has-text-align-center\">Necesarios para Climatizaci\u00f3n<\/h2>\n\n\n\n<div class=\"wp-block-columns is-layout-flex wp-container-core-columns-is-layout-28f84493 wp-block-columns-is-layout-flex\">\n<div class=\"wp-block-column is-layout-flow wp-block-column-is-layout-flow\">\n<figure class=\"wp-block-image size-full\"><a href=\"https:\/\/amzn.to\/3ZhOJA2\" target=\"_blank\" rel=\"https:\/\/amzn.to\/3ZhOJA2\"><img loading=\"lazy\" decoding=\"async\" width=\"980\" height=\"713\" src=\"https:\/\/electropiedra.com\/wp-content\/uploads\/2024\/11\/Captura-de-pantalla-2024-11-23-204655.png\" alt=\"\" class=\"wp-image-692\" srcset=\"https:\/\/electropiedra.com\/wp-content\/uploads\/2024\/11\/Captura-de-pantalla-2024-11-23-204655.png 980w, https:\/\/electropiedra.com\/wp-content\/uploads\/2024\/11\/Captura-de-pantalla-2024-11-23-204655-300x218.png 300w, https:\/\/electropiedra.com\/wp-content\/uploads\/2024\/11\/Captura-de-pantalla-2024-11-23-204655-768x559.png 768w\" sizes=\"auto, (max-width: 980px) 100vw, 980px\" \/><\/a><\/figure>\n<\/div>\n\n\n\n<div class=\"wp-block-column is-layout-flow wp-block-column-is-layout-flow\">\n<p>Bomba de Vac\u00edo 1,8CFM 1\/4HP 220V \/ 50-60Hz Bomba de Vac\u00edo para Aire Acondicionado Bomba de Vac\u00edo Coche con Velocidad de Rotaci\u00f3n 1.440 rpm para Aire Acondicionado Dom\u00e9stico Envasado al Vac\u00edo, de la marca VEVOR.<\/p>\n\n\n\n<p class=\"has-vivid-cyan-blue-color has-text-color has-link-color wp-elements-aac416d5ebddee802305f855d95bff44\"><strong>Precio:99,99\u20ac   &nbsp;<\/strong><a href=\"https:\/\/amzn.to\/3ZhOJA2\" target=\"_blank\" rel=\"noopener\" title=\"\">https:\/\/amzn.to\/3ZhOJA2<\/a><\/p>\n\n\n\n<p>Entrega GRATIS para clientes de prime.<\/p>\n\n\n\n<p><a href=\"https:\/\/www.amazon.es\/b?node=20791811031\" target=\"_blank\" rel=\"noreferrer noopener\">Devoluciones GRATIS<\/a><\/p>\n\n\n\n<div class=\"wp-block-buttons is-layout-flex wp-block-buttons-is-layout-flex\">\n<div class=\"wp-block-button\"><a class=\"wp-block-button__link wp-element-button\" href=\"https:\/\/amzn.to\/3ZhOJA2\" target=\"_blank\" rel=\"noreferrer noopener\">Comprar en Amazon<\/a><\/div>\n<\/div>\n<\/div>\n<\/div>\n\n\n\n<div class=\"wp-block-columns is-layout-flex wp-container-core-columns-is-layout-28f84493 wp-block-columns-is-layout-flex\">\n<div class=\"wp-block-column is-layout-flow wp-block-column-is-layout-flow\">\n<figure class=\"wp-block-image size-full\"><a href=\"http:\/\/amzn.to\/492JVl8\" target=\"_blank\" rel=\"http:\/\/amzn.to\/492JVl8\"><img loading=\"lazy\" decoding=\"async\" width=\"708\" height=\"713\" src=\"https:\/\/electropiedra.com\/wp-content\/uploads\/2024\/11\/Captura-de-pantalla-2024-11-23-205424.png\" alt=\"\" class=\"wp-image-696\" srcset=\"https:\/\/electropiedra.com\/wp-content\/uploads\/2024\/11\/Captura-de-pantalla-2024-11-23-205424.png 708w, https:\/\/electropiedra.com\/wp-content\/uploads\/2024\/11\/Captura-de-pantalla-2024-11-23-205424-200x200.png 200w, https:\/\/electropiedra.com\/wp-content\/uploads\/2024\/11\/Captura-de-pantalla-2024-11-23-205424-100x100.png 100w, https:\/\/electropiedra.com\/wp-content\/uploads\/2024\/11\/Captura-de-pantalla-2024-11-23-205424-300x302.png 300w, https:\/\/electropiedra.com\/wp-content\/uploads\/2024\/11\/Captura-de-pantalla-2024-11-23-205424-298x300.png 298w, https:\/\/electropiedra.com\/wp-content\/uploads\/2024\/11\/Captura-de-pantalla-2024-11-23-205424-150x150.png 150w\" sizes=\"auto, (max-width: 708px) 100vw, 708px\" \/><\/a><\/figure>\n<\/div>\n\n\n\n<div class=\"wp-block-column is-layout-flow wp-block-column-is-layout-flow\">\n<p>Herramienta de ensanchamiento de la l\u00ednea de Freno Crimper con Cortador de Tubos Mini y PVC, Adaptador de Tubo y doblador de Tubo, 9 Piezas, de la marca FreeTec.<\/p>\n\n\n\n<p class=\"has-vivid-cyan-blue-color has-text-color has-link-color wp-elements-36e56e26c728e705dd810c74359a8b5c\"><strong>Precio:29,95\u20ac   <\/strong>        <a href=\"https:\/\/amzn.to\/492JVl8\" target=\"_blank\" rel=\"noopener\" title=\"\">https:\/\/amzn.to\/492JVl8<\/a><\/p>\n\n\n\n<figure class=\"wp-block-image\"><a href=\"https:\/\/amzn.to\/4fX9tmg\" target=\"_blank\" rel=\"noreferrer noopener\"><img decoding=\"async\" src=\"https:\/\/getaawp.es\/wp-content\/plugins\/aawp\/assets\/img\/icon-check-prime.svg\" alt=\"Amazon Prime\"\/><\/a><\/figure>\n\n\n\n<p>Env\u00edo 1 d\u00eda<\/p>\n\n\n\n<p><a href=\"https:\/\/www.amazon.es\/b?node=20791811031\" target=\"_blank\" rel=\"noreferrer noopener\">Devoluciones GRATIS<\/a><\/p>\n\n\n\n<div class=\"wp-block-buttons is-layout-flex wp-block-buttons-is-layout-flex\">\n<div class=\"wp-block-button\"><a class=\"wp-block-button__link wp-element-button\" href=\"http:\/\/amzn.to\/492JVl8\" target=\"_blank\" rel=\"noreferrer noopener\">Comprar en Amazon<\/a><\/div>\n<\/div>\n<\/div>\n<\/div>\n\n\n\n<div class=\"wp-block-columns is-layout-flex wp-container-core-columns-is-layout-28f84493 wp-block-columns-is-layout-flex\">\n<div class=\"wp-block-column is-layout-flow wp-block-column-is-layout-flow\">\n<figure class=\"wp-block-image size-full\"><a href=\"https:\/\/amzn.to\/4fCSZ2P\" target=\"_blank\" rel=\"https:\/\/amzn.to\/4fCSZ2P\"><img loading=\"lazy\" decoding=\"async\" width=\"911\" height=\"677\" src=\"https:\/\/electropiedra.com\/wp-content\/uploads\/2024\/11\/Captura-de-pantalla-2024-11-23-211700.png\" alt=\"\" class=\"wp-image-705\" srcset=\"https:\/\/electropiedra.com\/wp-content\/uploads\/2024\/11\/Captura-de-pantalla-2024-11-23-211700.png 911w, https:\/\/electropiedra.com\/wp-content\/uploads\/2024\/11\/Captura-de-pantalla-2024-11-23-211700-300x223.png 300w, https:\/\/electropiedra.com\/wp-content\/uploads\/2024\/11\/Captura-de-pantalla-2024-11-23-211700-768x571.png 768w\" sizes=\"auto, (max-width: 911px) 100vw, 911px\" \/><\/a><\/figure>\n<\/div>\n\n\n\n<div class=\"wp-block-column is-layout-flow wp-block-column-is-layout-flow\">\n<p>Martillo Perforador 1500W, 6J Energ\u00eda de Impacto, 6 Velocidades\uff0cSDS Plus Mandril, 4 Funciones con Embrague de Seguridad&amp; Control de Vibraci\u00f3n Incluyendo Cinceles y Brocas con Caja Azul, de la marca ENEACRO.<\/p>\n\n\n\n<p class=\"has-vivid-cyan-blue-color has-text-color has-link-color wp-elements-12fac174bc17dd5c217ac72250dfdc71\"><strong>Precio:106,36\u20ac   <\/strong> <a href=\"https:\/\/amzn.to\/4fCSZ2P\" target=\"_blank\" rel=\"noopener\" title=\"\">https:\/\/amzn.to\/4fCSZ2P<\/a><\/p>\n\n\n\n<figure class=\"wp-block-image\"><a href=\"https:\/\/amzn.to\/4fX9tmg\" target=\"_blank\" rel=\"noreferrer noopener\"><img decoding=\"async\" src=\"https:\/\/getaawp.es\/wp-content\/plugins\/aawp\/assets\/img\/icon-check-prime.svg\" alt=\"Amazon Prime\"\/><\/a><\/figure>\n\n\n\n<p class=\"has-main-dark-color has-text-color has-link-color wp-elements-fe329a3a2ae090cbec54430adef0fbbb\">Env\u00edo 1 d\u00eda<\/p>\n\n\n\n<p class=\"has-vivid-cyan-blue-color has-text-color has-link-color wp-elements-ecdb0927faa1172e5b3a553da903e9e3\"><a href=\"https:\/\/www.amazon.es\/b?node=20791811031\" target=\"_blank\" rel=\"noreferrer noopener\">Devoluciones GRATIS<\/a><\/p>\n\n\n\n<div class=\"wp-block-buttons is-layout-flex wp-block-buttons-is-layout-flex\">\n<div class=\"wp-block-button\"><a class=\"wp-block-button__link wp-element-button\" href=\"https:\/\/amzn.to\/4fCSZ2P\" target=\"_blank\" rel=\"noreferrer noopener\">Comprar en Amazon<\/a><\/div>\n<\/div>\n\n\n\n<p class=\"has-vivid-cyan-blue-color has-text-color has-link-color wp-elements-05632029db11419b895fe2527d27a9af\"><\/p>\n\n\n\n<p class=\"has-vivid-cyan-blue-color has-text-color has-link-color wp-elements-05632029db11419b895fe2527d27a9af\"><\/p>\n<\/div>\n<\/div>\n\n\n\n<div class=\"wp-block-columns is-layout-flex wp-container-core-columns-is-layout-28f84493 wp-block-columns-is-layout-flex\">\n<div class=\"wp-block-column is-layout-flow wp-block-column-is-layout-flow\">\n<figure class=\"wp-block-image size-full\"><a href=\"https:\/\/amzn.to\/4hZYLNz\" target=\"_blank\" rel=\" https:\/\/amzn.to\/4hZYLNz\"><img loading=\"lazy\" decoding=\"async\" width=\"778\" height=\"691\" src=\"https:\/\/electropiedra.com\/wp-content\/uploads\/2024\/11\/Captura-de-pantalla-2024-11-23-212352.png\" alt=\"\" class=\"wp-image-707\" srcset=\"https:\/\/electropiedra.com\/wp-content\/uploads\/2024\/11\/Captura-de-pantalla-2024-11-23-212352.png 778w, https:\/\/electropiedra.com\/wp-content\/uploads\/2024\/11\/Captura-de-pantalla-2024-11-23-212352-300x266.png 300w, https:\/\/electropiedra.com\/wp-content\/uploads\/2024\/11\/Captura-de-pantalla-2024-11-23-212352-768x682.png 768w\" sizes=\"auto, (max-width: 778px) 100vw, 778px\" \/><\/a><\/figure>\n<\/div>\n\n\n\n<div class=\"wp-block-column is-layout-flow wp-block-column-is-layout-flow\">\n<p>Sierra Perforadora Hormig\u00f3n 68 mm con V\u00e1stago SDS Plus 220 mm para Cemento, Ladrillo, Piedra, Pared, de la marca BINOTA.<\/p>\n\n\n\n<p class=\"has-vivid-cyan-blue-color has-text-color has-link-color wp-elements-19c1fe384693267944579d3c1b911614\"><strong>Precio:24,00\u20ac   <\/strong><a href=\"https:\/\/amzn.to\/4hZYLNz\" target=\"_blank\" rel=\"noopener\" title=\"\">https:\/\/amzn.to\/4hZYLNz<\/a><\/p>\n\n\n\n<figure class=\"wp-block-image\"><a href=\"https:\/\/amzn.to\/4fX9tmg\" target=\"_blank\" rel=\"noreferrer noopener\"><img decoding=\"async\" src=\"https:\/\/getaawp.es\/wp-content\/plugins\/aawp\/assets\/img\/icon-check-prime.svg\" alt=\"Amazon Prime\"\/><\/a><\/figure>\n\n\n\n<p class=\"has-main-dark-color has-text-color has-link-color wp-elements-fe329a3a2ae090cbec54430adef0fbbb\">Env\u00edo 1 d\u00eda<\/p>\n\n\n\n<p class=\"has-vivid-cyan-blue-color has-text-color has-link-color wp-elements-ecdb0927faa1172e5b3a553da903e9e3\"><a href=\"https:\/\/www.amazon.es\/b?node=20791811031\" target=\"_blank\" rel=\"noreferrer noopener\">Devoluciones GRATIS<\/a><\/p>\n\n\n\n<div class=\"wp-block-buttons is-layout-flex wp-block-buttons-is-layout-flex\">\n<div class=\"wp-block-button\"><a class=\"wp-block-button__link wp-element-button\" href=\"https:\/\/amzn.to\/4hZYLNz\" target=\"_blank\" rel=\"noreferrer noopener\">Comprar en Amazon<\/a><\/div>\n<\/div>\n<\/div>\n<\/div>\n\n\n\n<p><\/p>\n\n\n\n<div class=\"wp-block-columns is-layout-flex wp-container-core-columns-is-layout-28f84493 wp-block-columns-is-layout-flex\">\n<div class=\"wp-block-column is-layout-flow wp-block-column-is-layout-flow\">\n<figure class=\"wp-block-image size-full\"><a href=\"https:\/\/amzn.to\/3V7y8wa\" target=\"_blank\" rel=\" https:\/\/amzn.to\/3V7y8wa\"><img loading=\"lazy\" decoding=\"async\" width=\"963\" height=\"712\" src=\"https:\/\/electropiedra.com\/wp-content\/uploads\/2024\/11\/Captura-de-pantalla-2024-11-23-213116.png\" alt=\"\" class=\"wp-image-713\" srcset=\"https:\/\/electropiedra.com\/wp-content\/uploads\/2024\/11\/Captura-de-pantalla-2024-11-23-213116.png 963w, https:\/\/electropiedra.com\/wp-content\/uploads\/2024\/11\/Captura-de-pantalla-2024-11-23-213116-300x222.png 300w, https:\/\/electropiedra.com\/wp-content\/uploads\/2024\/11\/Captura-de-pantalla-2024-11-23-213116-768x568.png 768w\" sizes=\"auto, (max-width: 963px) 100vw, 963px\" \/><\/a><\/figure>\n<\/div>\n\n\n\n<div class=\"wp-block-column is-layout-flow wp-block-column-is-layout-flow\">\n<p>Eje de extensi\u00f3n SDS Plus para broca central &#8211; Barra de extensi\u00f3n de broca de 600 mm con rosca M22 x 2,0 mm, taladro central y tornillo de retenci\u00f3n, de la Marca EffektWerk.<\/p>\n\n\n\n<p class=\"has-vivid-cyan-blue-color has-text-color has-link-color wp-elements-e46c239c37003844f49e4d618610f1f4\"><strong>Precio:22,99\u20ac   <\/strong><a href=\"https:\/\/amzn.to\/3V7y8wa\" target=\"_blank\" rel=\"noopener\" title=\"\">https:\/\/amzn.to\/3V7y8wa<\/a><\/p>\n\n\n\n<figure class=\"wp-block-image\"><a href=\"https:\/\/amzn.to\/4fX9tmg\" target=\"_blank\" rel=\"noreferrer noopener\"><img decoding=\"async\" src=\"https:\/\/getaawp.es\/wp-content\/plugins\/aawp\/assets\/img\/icon-check-prime.svg\" alt=\"Amazon Prime\"\/><\/a><\/figure>\n\n\n\n<p class=\"has-main-dark-color has-text-color has-link-color wp-elements-fe329a3a2ae090cbec54430adef0fbbb\">Env\u00edo 1 d\u00eda<\/p>\n\n\n\n<p class=\"has-vivid-cyan-blue-color has-text-color has-link-color wp-elements-ecdb0927faa1172e5b3a553da903e9e3\"><a href=\"https:\/\/www.amazon.es\/b?node=20791811031\" target=\"_blank\" rel=\"noreferrer noopener\">Devoluciones GRATIS<\/a><\/p>\n\n\n\n<div class=\"wp-block-buttons is-layout-flex wp-block-buttons-is-layout-flex\">\n<div class=\"wp-block-button\"><a class=\"wp-block-button__link wp-element-button\" href=\"https:\/\/amzn.to\/3V7y8wa\" target=\"_blank\" rel=\"noreferrer noopener\">Comprar en Amazon<\/a><\/div>\n<\/div>\n<\/div>\n<\/div>\n\n\n\n<div class=\"wp-block-columns is-layout-flex wp-container-core-columns-is-layout-28f84493 wp-block-columns-is-layout-flex\">\n<div class=\"wp-block-column is-layout-flow wp-block-column-is-layout-flow\">\n<figure class=\"wp-block-image size-full\"><img loading=\"lazy\" decoding=\"async\" width=\"861\" height=\"716\" src=\"https:\/\/electropiedra.com\/wp-content\/uploads\/2024\/11\/Captura-de-pantalla-2024-11-23-215601.png\" alt=\"\" class=\"wp-image-731\" srcset=\"https:\/\/electropiedra.com\/wp-content\/uploads\/2024\/11\/Captura-de-pantalla-2024-11-23-215601.png 861w, https:\/\/electropiedra.com\/wp-content\/uploads\/2024\/11\/Captura-de-pantalla-2024-11-23-215601-300x249.png 300w, https:\/\/electropiedra.com\/wp-content\/uploads\/2024\/11\/Captura-de-pantalla-2024-11-23-215601-768x639.png 768w\" sizes=\"auto, (max-width: 861px) 100vw, 861px\" \/><\/figure>\n<\/div>\n\n\n\n<div class=\"wp-block-column is-layout-flow wp-block-column-is-layout-flow\">\n<p>Kit instalaci\u00f3n aire acondicionado Soporte compresor aire acondicionado exterior Tuber\u00edas aire acondicionado 1\/4&#8243; 3\/8&#8243; 3 metros.<\/p>\n\n\n\n<p class=\"has-vivid-cyan-blue-color has-text-color has-link-color wp-elements-ff4b0ab16186724779e48a417330717c\"><strong>Precio:54,95\u20ac   <\/strong><a href=\"https:\/\/amzn.to\/4g4QIxf\" target=\"_blank\" rel=\"noopener\" title=\"\">https:\/\/amzn.to\/4g4QIxf<\/a><\/p>\n\n\n\n<figure class=\"wp-block-image\"><a href=\"https:\/\/amzn.to\/4fX9tmg\" target=\"_blank\" rel=\"noreferrer noopener\"><img decoding=\"async\" src=\"https:\/\/getaawp.es\/wp-content\/plugins\/aawp\/assets\/img\/icon-check-prime.svg\" alt=\"Amazon Prime\"\/><\/a><\/figure>\n\n\n\n<p class=\"has-main-dark-color has-text-color has-link-color wp-elements-d107773d2a17754b6828658e39000c82\"><a href=\"https:\/\/www.amazon.es\/b?node=20791811031\" target=\"_blank\" rel=\"noreferrer noopener\">Devoluciones GRATIS<\/a><\/p>\n\n\n\n<div class=\"wp-block-buttons is-layout-flex wp-block-buttons-is-layout-flex\">\n<div class=\"wp-block-button\"><a class=\"wp-block-button__link wp-element-button\" href=\"https:\/\/amzn.to\/4g4QIxf\" target=\"_blank\" rel=\"noreferrer noopener\">Comprar en Amazon<\/a><\/div>\n<\/div>\n<\/div>\n<\/div>\n\n\n\n<div class=\"wp-block-columns is-layout-flex wp-container-core-columns-is-layout-28f84493 wp-block-columns-is-layout-flex\">\n<div class=\"wp-block-column is-layout-flow wp-block-column-is-layout-flow\">\n<figure class=\"wp-block-image size-full\"><a href=\"https:\/\/amzn.to\/3ZkKVOx\" target=\"_blank\" rel=\"https:\/\/amzn.to\/3ZkKVOx\"><img loading=\"lazy\" decoding=\"async\" width=\"856\" height=\"734\" src=\"https:\/\/electropiedra.com\/wp-content\/uploads\/2024\/11\/Captura-de-pantalla-2024-11-23-215952.png\" alt=\"\" class=\"wp-image-734\" srcset=\"https:\/\/electropiedra.com\/wp-content\/uploads\/2024\/11\/Captura-de-pantalla-2024-11-23-215952.png 856w, https:\/\/electropiedra.com\/wp-content\/uploads\/2024\/11\/Captura-de-pantalla-2024-11-23-215952-300x257.png 300w, https:\/\/electropiedra.com\/wp-content\/uploads\/2024\/11\/Captura-de-pantalla-2024-11-23-215952-768x659.png 768w\" sizes=\"auto, (max-width: 856px) 100vw, 856px\" \/><\/a><\/figure>\n<\/div>\n\n\n\n<div class=\"wp-block-column is-layout-flow wp-block-column-is-layout-flow\">\n<p>Kit instalaci\u00f3n aire acondicionado, escuadras soporte compresor, tuber\u00edas de cobre aislado 5 metros 1\/4 3\/8, silentblock, torniller\u00eda.<\/p>\n\n\n\n<p class=\"has-vivid-cyan-blue-color has-text-color has-link-color wp-elements-9efff9cd49bb130d653917d35a93686d\"><strong>Precio:76,95\u20ac   <\/strong><a href=\"https:\/\/amzn.to\/3ZkKVOx\" target=\"_blank\" rel=\"noopener\" title=\"\">https:\/\/amzn.to\/3ZkKVOx<\/a><\/p>\n\n\n\n<figure class=\"wp-block-image\"><a href=\"https:\/\/amzn.to\/4fX9tmg\" target=\"_blank\" rel=\"noreferrer noopener\"><img decoding=\"async\" src=\"https:\/\/getaawp.es\/wp-content\/plugins\/aawp\/assets\/img\/icon-check-prime.svg\" alt=\"Amazon Prime\"\/><\/a><\/figure>\n\n\n\n<p class=\"has-main-dark-color has-text-color has-link-color wp-elements-d107773d2a17754b6828658e39000c82\"><a href=\"https:\/\/www.amazon.es\/b?node=20791811031\" target=\"_blank\" rel=\"noreferrer noopener\">Devoluciones GRATIS<\/a><\/p>\n\n\n\n<div class=\"wp-block-buttons is-layout-flex wp-block-buttons-is-layout-flex\">\n<div class=\"wp-block-button\"><a class=\"wp-block-button__link wp-element-button\" href=\"https:\/\/amzn.to\/3ZkKVOx\">Comprar en Amazon<\/a><\/div>\n<\/div>\n<\/div>\n<\/div>\n\n\n\n<div class=\"wp-block-columns is-layout-flex wp-container-core-columns-is-layout-28f84493 wp-block-columns-is-layout-flex\">\n<div class=\"wp-block-column is-layout-flow wp-block-column-is-layout-flow\">\n<figure class=\"wp-block-image size-full\"><a href=\"https:\/\/amzn.to\/4i02bQp\" target=\"_blank\" rel=\"https:\/\/amzn.to\/4i02bQp\"><img loading=\"lazy\" decoding=\"async\" width=\"1014\" height=\"732\" src=\"https:\/\/electropiedra.com\/wp-content\/uploads\/2024\/11\/Captura-de-pantalla-2024-11-23-222818.png\" alt=\"\" class=\"wp-image-742\" srcset=\"https:\/\/electropiedra.com\/wp-content\/uploads\/2024\/11\/Captura-de-pantalla-2024-11-23-222818.png 1014w, https:\/\/electropiedra.com\/wp-content\/uploads\/2024\/11\/Captura-de-pantalla-2024-11-23-222818-300x217.png 300w, https:\/\/electropiedra.com\/wp-content\/uploads\/2024\/11\/Captura-de-pantalla-2024-11-23-222818-768x554.png 768w\" sizes=\"auto, (max-width: 1014px) 100vw, 1014px\" \/><\/a><\/figure>\n<\/div>\n\n\n\n<div class=\"wp-block-column is-layout-flow wp-block-column-is-layout-flow\">\n<p>Kit de Cubierta de Limpieza de Aire Acondicionado Dividido, Bolsa de Limpieza Impermeable para Lavado de Polvo con Salida de Drenaje y Dos Placas de Soporte Laterales.<\/p>\n\n\n\n<p class=\"has-vivid-cyan-blue-color has-text-color has-link-color wp-elements-dad1644abe8d940b9f72c639dda1dc10\"><strong>Precio:29,11\u20ac   <\/strong><a href=\"https:\/\/amzn.to\/4i02bQp\" target=\"_blank\" rel=\"noopener\" title=\"\">https:\/\/amzn.to\/4i02bQp<\/a><\/p>\n\n\n\n<figure class=\"wp-block-image\"><a href=\"https:\/\/amzn.to\/4fX9tmg\" target=\"_blank\" rel=\"noreferrer noopener\"><img decoding=\"async\" src=\"https:\/\/getaawp.es\/wp-content\/plugins\/aawp\/assets\/img\/icon-check-prime.svg\" alt=\"Amazon Prime\"\/><\/a><\/figure>\n\n\n\n<p class=\"has-main-dark-color has-text-color has-link-color wp-elements-fe329a3a2ae090cbec54430adef0fbbb\">Env\u00edo 1 d\u00eda<\/p>\n\n\n\n<p class=\"has-main-dark-color has-text-color has-link-color wp-elements-d107773d2a17754b6828658e39000c82\"><a href=\"https:\/\/www.amazon.es\/b?node=20791811031\" target=\"_blank\" rel=\"noreferrer noopener\">Devoluciones GRATIS<\/a><\/p>\n\n\n\n<div class=\"wp-block-buttons is-layout-flex wp-block-buttons-is-layout-flex\">\n<div class=\"wp-block-button\"><a class=\"wp-block-button__link wp-element-button\" href=\"https:\/\/amzn.to\/4i02bQp\" target=\"_blank\" rel=\"noreferrer noopener\">Comprar en Amazon<\/a><\/div>\n<\/div>\n<\/div>\n<\/div>\n\n\n\n<div class=\"wp-block-buttons is-content-justification-center is-layout-flex wp-container-core-buttons-is-layout-a89b3969 wp-block-buttons-is-layout-flex\">\n<div class=\"wp-block-button\"><a class=\"wp-block-button__link wp-element-button\" href=\"https:\/\/wa.me\/34684719156\" target=\"_blank\" rel=\"noreferrer noopener\">Dime que herramientas necesitas<\/a><\/div>\n<\/div>\n\n\n\n<h2 class=\"wp-block-heading has-text-align-center\">ELECTRICIDAD<\/h2>\n\n\n\n<h2 class=\"wp-block-heading has-text-align-center\"><img loading=\"lazy\" decoding=\"async\" width=\"100\" height=\"93\" class=\"wp-image-727\" style=\"width: 100px;\" src=\"https:\/\/electropiedra.com\/wp-content\/uploads\/2024\/11\/graphic-3929446_1280.webp\" alt=\"\" srcset=\"https:\/\/electropiedra.com\/wp-content\/uploads\/2024\/11\/graphic-3929446_1280.webp 1280w, https:\/\/electropiedra.com\/wp-content\/uploads\/2024\/11\/graphic-3929446_1280-300x280.webp 300w, https:\/\/electropiedra.com\/wp-content\/uploads\/2024\/11\/graphic-3929446_1280-1024x956.webp 1024w, https:\/\/electropiedra.com\/wp-content\/uploads\/2024\/11\/graphic-3929446_1280-768x717.webp 768w\" sizes=\"auto, (max-width: 100px) 100vw, 100px\" \/>&#8230;..en contruccion<img loading=\"lazy\" decoding=\"async\" width=\"100\" height=\"93\" class=\"wp-image-727\" style=\"width: 100px;\" src=\"https:\/\/electropiedra.com\/wp-content\/uploads\/2024\/11\/graphic-3929446_1280.webp\" alt=\"\" srcset=\"https:\/\/electropiedra.com\/wp-content\/uploads\/2024\/11\/graphic-3929446_1280.webp 1280w, https:\/\/electropiedra.com\/wp-content\/uploads\/2024\/11\/graphic-3929446_1280-300x280.webp 300w, https:\/\/electropiedra.com\/wp-content\/uploads\/2024\/11\/graphic-3929446_1280-1024x956.webp 1024w, https:\/\/electropiedra.com\/wp-content\/uploads\/2024\/11\/graphic-3929446_1280-768x717.webp 768w\" sizes=\"auto, (max-width: 100px) 100vw, 100px\" \/><\/h2>\n\n\n\n<h2 class=\"wp-block-heading has-text-align-center\">Promoci\u00f3n Amazon Prime Gratis<\/h2>\n\n\n\n<p class=\"has-text-align-center has-vivid-cyan-blue-color has-text-color has-link-color wp-elements-a5aa5681c0ddb141ceba56a92b7d6bd5\"><a href=\"http:\/\/www.amazon.es\/pruebaprime?tag=IDelectropiedra-21\" target=\"_blank\" rel=\"noopener\" title=\"30 d\u00edas de prueba gratis de Amazon Prime \">30 d\u00edas de prueba gratis de Amazon Prime <\/a><\/p>\n\n\n\n<div class=\"wp-block-buttons is-content-justification-center is-layout-flex wp-container-core-buttons-is-layout-a89b3969 wp-block-buttons-is-layout-flex\">\n<div class=\"wp-block-button\"><a class=\"wp-block-button__link wp-element-button\" href=\"http:\/\/www.amazon.es\/pruebaprime?tag=IDelectropiedra-21\" target=\"_blank\" rel=\"noreferrer noopener\">Amazon Prime Suscripci\u00f3n<\/a><\/div>\n<\/div>\n\n\n\n<p><\/p>\n\n\n\n<p><\/p>\n","protected":false},"excerpt":{"rendered":"<p>Herramientas para instalador La industria de la instalaci\u00f3n de aire acondicionado y sistemas el\u00e9ctricos requiere un conjunto especializado de herramientas para asegurar un trabajo de calidad, seguridad y eficiencia. Estas herramientas son fundamentales para los instaladores, ya que les permiten realizar labores que van desde la instalaci\u00f3n y mantenimiento de equipos de climatizaci\u00f3n hasta la [&hellip;]<\/p>\n","protected":false},"author":1,"featured_media":0,"parent":0,"menu_order":11,"comment_status":"closed","ping_status":"closed","template":"","meta":{"footnotes":""},"class_list":["post-687","page","type-page","status-publish","hentry"],"aioseo_notices":[],"_links":{"self":[{"href":"https:\/\/electropiedra.com\/index.php?rest_route=\/wp\/v2\/pages\/687","targetHints":{"allow":["GET"]}}],"collection":[{"href":"https:\/\/electropiedra.com\/index.php?rest_route=\/wp\/v2\/pages"}],"about":[{"href":"https:\/\/electropiedra.com\/index.php?rest_route=\/wp\/v2\/types\/page"}],"author":[{"embeddable":true,"href":"https:\/\/electropiedra.com\/index.php?rest_route=\/wp\/v2\/users\/1"}],"replies":[{"embeddable":true,"href":"https:\/\/electropiedra.com\/index.php?rest_route=%2Fwp%2Fv2%2Fcomments&post=687"}],"version-history":[{"count":41,"href":"https:\/\/electropiedra.com\/index.php?rest_route=\/wp\/v2\/pages\/687\/revisions"}],"predecessor-version":[{"id":1199,"href":"https:\/\/electropiedra.com\/index.php?rest_route=\/wp\/v2\/pages\/687\/revisions\/1199"}],"wp:attachment":[{"href":"https:\/\/electropiedra.com\/index.php?rest_route=%2Fwp%2Fv2%2Fmedia&parent=687"}],"curies":[{"name":"wp","href":"https:\/\/api.w.org\/{rel}","templated":true}]}}