{"id":826,"date":"2024-11-27T00:10:02","date_gmt":"2024-11-26T23:10:02","guid":{"rendered":"https:\/\/electropiedra.com\/mejora-factura-luz\/"},"modified":"2025-01-06T11:56:25","modified_gmt":"2025-01-06T10:56:25","slug":"mejora-factura-luz","status":"publish","type":"page","link":"https:\/\/electropiedra.com\/?page_id=826","title":{"rendered":"Mejora Factura Luz"},"content":{"rendered":"\n<h2 class=\"wp-block-heading has-text-align-center\">Mejora Factura El\u00e9ctrica<\/h2>\n\n\n\n<figure class=\"wp-block-image aligncenter size-full is-resized\"><img loading=\"lazy\" decoding=\"async\" width=\"300\" height=\"168\" src=\"https:\/\/electropiedra.com\/wp-content\/uploads\/2024\/11\/images.jpg\" alt=\"\" class=\"wp-image-49\" style=\"width:280px\"\/><\/figure>\n\n\n\n<p>\u00bfQuieres reducir tus facturas de energ\u00eda y no sabes por d\u00f3nde empezar?<\/p>\n\n\n\n<p>Como sabes, el coste de la energ\u00eda el\u00e9ctrica es una parte importante de nuestros gastos mensuales. Por eso, quiero compartir contigo una oportunidad para ahorrar en tu factura de la luz.Estoy colaborando con varias comercializadoras el\u00e9ctricas que ofrecen tarifas muy competitivas y adaptadas a las necesidades de cada cliente. Al cambiar de comercializadora, podr\u00edas beneficiarte de:Tarifas m\u00e1s econ\u00f3micas: Adaptadas a tu consumo y con descuentos especiales.Mayor flexibilidad: Contratos sin permanencia y posibilidad de cambiar de tarifa cuando quieras.Servicios adicionales: Atenci\u00f3n al cliente personalizada, facturaci\u00f3n online, etc.\u00bfQu\u00e9 puedo hacer por ti?Te ayudar\u00e9 de forma totalmente gratuita a:Analizar tu consumo actual: Identificaremos tus h\u00e1bitos de consumo y te propondremos la tarifa que mejor se ajusta a ti.Comparar ofertas: Solicitar\u00e9 presupuestos de diferentes comercializadoras y te presentar\u00e9 las mejores opciones.Gestionar el cambio de comercializadora: Me encargar\u00e9 de todos los tr\u00e1mites para que t\u00fa no tengas que preocuparte de nada.Si est\u00e1s interesado\/a en conocer m\u00e1s detalles o quieres solicitar un estudio personalizado, no dudes en contactarme. Estar\u00e9 encantado de ayudarte.<\/p>\n\n\n\n<p><strong>Descubre c\u00f3mo y cu\u00e1nto puedes ahorrar con nuestro Estudio de eficiencia energ\u00e9tica online gratuito<\/strong>.<\/p>\n\n\n\n<p class=\"has-main-dark-color has-text-color has-link-color wp-elements-24eb866342e81414f6eb00373b6175d5\"><a href=\"https:\/\/wa.me\/34684719156\" target=\"_blank\" rel=\"noopener\" title=\"\"><strong>env\u00edame factura, te la analizo gratis<\/strong><\/a>.<a href=\"https:\/\/wa.me\/34684719156\" target=\"_blank\" rel=\"noopener\" title=\"\"><img loading=\"lazy\" decoding=\"async\" width=\"40\" height=\"40\" class=\"wp-image-47\" style=\"width: 40px;\" src=\"https:\/\/electropiedra.com\/wp-content\/uploads\/2024\/11\/Icono.png\" alt=\"\" srcset=\"https:\/\/electropiedra.com\/wp-content\/uploads\/2024\/11\/Icono.png 256w, https:\/\/electropiedra.com\/wp-content\/uploads\/2024\/11\/Icono-200x200.png 200w, https:\/\/electropiedra.com\/wp-content\/uploads\/2024\/11\/Icono-100x100.png 100w, https:\/\/electropiedra.com\/wp-content\/uploads\/2024\/11\/Icono-150x150.png 150w\" sizes=\"auto, (max-width: 40px) 100vw, 40px\" \/><\/a><\/p>\n\n\n\n<h3 class=\"wp-block-heading\"><strong>Servicio de Tramitaci\u00f3n de Certificados Energ\u00e9ticos<\/strong><\/h3>\n\n\n\n<p>\u00bfVas a vender o alquilar tu inmueble? Necesitas un certificado energ\u00e9tico y nosotros estamos aqu\u00ed para ayudarte. Ofrecemos:<\/p>\n\n\n\n<ul class=\"wp-block-list\">\n<li><strong>Tramitaci\u00f3n R\u00e1pida y Eficiente:<\/strong>&nbsp;Nos ocupamos de todos los pasos para obtener tu certificado en el menor tiempo posible.<\/li>\n\n\n\n<li><strong>Asesor\u00eda Personalizada:<\/strong>&nbsp;Te guiamos en todo el proceso, explic\u00e1ndote cada detalle.<\/li>\n\n\n\n<li><strong>Cumplimiento Legal:<\/strong>&nbsp;Aseg\u00farate de que tu propiedad cumpla con la normativa vigente y evita posibles sanciones.<\/li>\n<\/ul>\n\n\n\n<p><a href=\"https:\/\/wa.me\/34684719156\" target=\"_blank\" rel=\"noopener\" title=\"\">\u2705&nbsp;<strong>Contacta con nosotros hoy mismo!<\/strong><\/a>&nbsp;Da un paso hacia una venta o alquiler exitoso.<\/p>\n\n\n\n<p><strong>\u00a1Tu energ\u00eda, nuestro compromiso!<\/strong>  <a href=\"https:\/\/wa.me\/34684719156\" target=\"_blank\" rel=\"noopener\" title=\"\">+Info escr\u00edbeme <\/a><\/p>\n\n\n\n<p><\/p>\n","protected":false},"excerpt":{"rendered":"<p>Mejora Factura El\u00e9ctrica \u00bfQuieres reducir tus facturas de energ\u00eda y no sabes por d\u00f3nde empezar? Como sabes, el coste de la energ\u00eda el\u00e9ctrica es una parte importante de nuestros gastos mensuales. Por eso, quiero compartir contigo una oportunidad para ahorrar en tu factura de la luz.Estoy colaborando con varias comercializadoras el\u00e9ctricas que ofrecen tarifas muy [&hellip;]<\/p>\n","protected":false},"author":1,"featured_media":0,"parent":0,"menu_order":0,"comment_status":"closed","ping_status":"closed","template":"","meta":{"footnotes":""},"class_list":["post-826","page","type-page","status-publish","hentry"],"aioseo_notices":[],"_links":{"self":[{"href":"https:\/\/electropiedra.com\/index.php?rest_route=\/wp\/v2\/pages\/826","targetHints":{"allow":["GET"]}}],"collection":[{"href":"https:\/\/electropiedra.com\/index.php?rest_route=\/wp\/v2\/pages"}],"about":[{"href":"https:\/\/electropiedra.com\/index.php?rest_route=\/wp\/v2\/types\/page"}],"author":[{"embeddable":true,"href":"https:\/\/electropiedra.com\/index.php?rest_route=\/wp\/v2\/users\/1"}],"replies":[{"embeddable":true,"href":"https:\/\/electropiedra.com\/index.php?rest_route=%2Fwp%2Fv2%2Fcomments&post=826"}],"version-history":[{"count":8,"href":"https:\/\/electropiedra.com\/index.php?rest_route=\/wp\/v2\/pages\/826\/revisions"}],"predecessor-version":[{"id":1441,"href":"https:\/\/electropiedra.com\/index.php?rest_route=\/wp\/v2\/pages\/826\/revisions\/1441"}],"wp:attachment":[{"href":"https:\/\/electropiedra.com\/index.php?rest_route=%2Fwp%2Fv2%2Fmedia&parent=826"}],"curies":[{"name":"wp","href":"https:\/\/api.w.org\/{rel}","templated":true}]}}