{"id":201,"date":"2024-11-11T12:25:08","date_gmt":"2024-11-11T11:25:08","guid":{"rendered":"https:\/\/electropiedra.com\/?post_type=product&#038;p=201"},"modified":"2024-11-22T13:28:28","modified_gmt":"2024-11-22T12:28:28","slug":"201","status":"publish","type":"product","link":"https:\/\/electropiedra.com\/?product=201","title":{"rendered":"Interruptor de pared de luz inal\u00e1mbrico"},"content":{"rendered":"<div align=\"start\">\n<p id=\"tl_1\" class=\"detail-desc-decorate-title\" data-spm-anchor-id=\"a2g0o.detail.1000023.i0.19d9Co8TCo8TEl\">\u00bfC\u00f3mo obtener la se\u00f1al?<\/p>\n<p id=\"tl_2\" class=\"detail-desc-decorate-content\">Paso 1: Presione el bot\u00f3n de aprendizaje (en el receptor) dos veces. Espere 3 segundos;<br \/>\nPaso 2: Presione un bot\u00f3n en el control remoto. Espere 3 segundos. \u00c9xito.<\/p>\n<\/div>\n<div align=\"start\">\n<p id=\"tl_3\" class=\"detail-desc-decorate-title\">\u00bfC\u00f3mo borrar la se\u00f1al?<\/p>\n<p id=\"tl_4\" class=\"detail-desc-decorate-content\">Solo un paso: Presione el bot\u00f3n de aprendizaje (en el receptor) 8 veces. Espere 3 segundos;<\/p>\n<\/div>\n<div align=\"start\">\n<p id=\"tl_5\" class=\"detail-desc-decorate-title\">Especificaci\u00f3n:<\/p>\n<p id=\"tl_6\" class=\"detail-desc-decorate-content\">Controlador (receptor):<br \/>\nVoltaje de funcionamiento: 60HZ\/50HZ<br \/>\nFrecuencia de trabajo: 433MHZ<br \/>\nConsumo de energ\u00eda en modo de espera: &lt;0,3 W<br \/>\nPotencia de carga: &lt;1100W<br \/>\nSensibilidad de recepci\u00f3n: -108dBm<br \/>\nForma de trabajo: control inal\u00e1mbrico<br \/>\nForma de codificaci\u00f3n: C\u00f3digo de aprendizaje<br \/>\nModulaci\u00f3n: ASK<br \/>\nTemperatura de trabajo: -10 * C ~ + 70 \u00abC<br \/>\nTama\u00f1o: 47,4*42*22,8 (mm)<\/p>\n<p>Interruptor de pared inal\u00e1mbrico:<br \/>\nVoltaje de funcionamiento: DC3.0V<br \/>\nFrecuencia de trabajo: 433MHZ<br \/>\nConsumo de energ\u00eda en modo standby:&lt;1uA<br \/>\nPotencia del transmisor: &lt;10mW<br \/>\nForma de trabajo: control inal\u00e1mbrico<br \/>\nForma de codificaci\u00f3n: C\u00f3digo de aprendizaje EV1527<br \/>\nModulaci\u00f3n: ASK<br \/>\nTemperatura de trabajo:-10 \u00abC ~ + 70 * C<br \/>\nTama\u00f1o: 86*86*15mm<\/p>\n<\/div>\n<div align=\"start\">\n<p id=\"tl_7\" class=\"detail-desc-decorate-title\">Caracter\u00edstica:<\/p>\n<p id=\"tl_8\" class=\"detail-desc-decorate-content\" data-spm-anchor-id=\"a2g0o.detail.1000023.i1.19d9Co8TCo8TEl\">1. Los interruptores m\u00faltiples pueden controlar diferentes receptores. Ahorra energ\u00eda, evita la oscuridad.<br \/>\n2. Funciona con todo tipo de luces y ventilador de techo. LED,CFL, l\u00e1mpara fluorescente puede cargar 300W, otros pueden cargar 2500W.<br \/>\n3. Es un panel de pared 86 que se puede pegar en cualquier lugar. Es un chip IC de transmisor de c\u00f3digo de aprendizaje EV1527. Se puede aprender en la mayor\u00eda de los receptores de c\u00f3digo de aprendizaje.<\/p>\n<\/div>\n","protected":false},"excerpt":{"rendered":"<p>Proporcionamos soporte t\u00e9cnico y asesoramiento sobre la instalaci\u00f3n gratuita.<\/p>\n","protected":false},"featured_media":205,"comment_status":"open","ping_status":"closed","template":"","meta":[],"product_brand":[],"product_cat":[22,19],"product_tag":[],"class_list":{"0":"post-201","1":"product","2":"type-product","3":"status-publish","4":"has-post-thumbnail","6":"product_cat-domotica","7":"product_cat-electricidad-hogar","8":"product_shipping_class-menos-de-0-5-kg","10":"first","11":"instock","12":"sale","13":"featured","14":"taxable","15":"shipping-taxable","16":"purchasable","17":"product-type-simple"},"aioseo_notices":[],"_links":{"self":[{"href":"https:\/\/electropiedra.com\/index.php?rest_route=\/wp\/v2\/product\/201","targetHints":{"allow":["GET"]}}],"collection":[{"href":"https:\/\/electropiedra.com\/index.php?rest_route=\/wp\/v2\/product"}],"about":[{"href":"https:\/\/electropiedra.com\/index.php?rest_route=\/wp\/v2\/types\/product"}],"replies":[{"embeddable":true,"href":"https:\/\/electropiedra.com\/index.php?rest_route=%2Fwp%2Fv2%2Fcomments&post=201"}],"wp:featuredmedia":[{"embeddable":true,"href":"https:\/\/electropiedra.com\/index.php?rest_route=\/wp\/v2\/media\/205"}],"wp:attachment":[{"href":"https:\/\/electropiedra.com\/index.php?rest_route=%2Fwp%2Fv2%2Fmedia&parent=201"}],"wp:term":[{"taxonomy":"product_brand","embeddable":true,"href":"https:\/\/electropiedra.com\/index.php?rest_route=%2Fwp%2Fv2%2Fproduct_brand&post=201"},{"taxonomy":"product_cat","embeddable":true,"href":"https:\/\/electropiedra.com\/index.php?rest_route=%2Fwp%2Fv2%2Fproduct_cat&post=201"},{"taxonomy":"product_tag","embeddable":true,"href":"https:\/\/electropiedra.com\/index.php?rest_route=%2Fwp%2Fv2%2Fproduct_tag&post=201"}],"curies":[{"name":"wp","href":"https:\/\/api.w.org\/{rel}","templated":true}]}}