{"id":644,"date":"2024-11-22T13:26:39","date_gmt":"2024-11-22T12:26:39","guid":{"rendered":"https:\/\/electropiedra.com\/?post_type=product&#038;p=644"},"modified":"2024-11-22T13:26:39","modified_gmt":"2024-11-22T12:26:39","slug":"aire-acondicionado-cisampo-2250frg-bodner","status":"publish","type":"product","link":"https:\/\/electropiedra.com\/?product=aire-acondicionado-cisampo-2250frg-bodner","title":{"rendered":"Aire Acondicionado Cisampo 2250frg Bodner"},"content":{"rendered":"<p>Gracias a la eficiencia de este sistema de climatizaci\u00f3n por su bajo consumo energ\u00e9tico, ahorrar\u00e1s energ\u00eda, dinero y se emitir\u00e1n menos emisiones de C02.<\/p>\n<div><\/div>\n<div>\n<div>La\u00a0tecnolog\u00eda inverter\u00a0evita que el sistema se apague y se encienda continuamente cuando el dispositivo alcanza la temperatura deseada. En su lugar funciona\u00a0manteniendo la temperatura constante\u00a0a un nivel de trabajo m\u00e1s bajo y suficiente, alargando su vida \u00fatil y optimizando su eficiencia energ\u00e9tica.<\/div>\n<div><\/div>\n<div>Gracias a este uso eficiente de la energ\u00eda, consigues un\u00a0ahorro de hasta un 30%\u00a0del consumo en tu factura el\u00e9ctrica.<\/div>\n<div><\/div>\n<div>\n<div>Con una\u00a0certificaci\u00f3n A++ en modo fr\u00edo\u00a0y\u00a0A+ en calefacci\u00f3n, podr\u00e1s disfrutarlo ahorrando energ\u00eda con tu aire acondicionado y bomba de calor sin preocuparte por el consumo de la factura de la luz.<\/div>\n<div><\/div>\n<\/div>\n<\/div>\n","protected":false},"excerpt":{"rendered":"<p>Gracias a la eficiencia de este sistema de climatizaci\u00f3n por su bajo consumo energ\u00e9tico, ahorrar\u00e1s energ\u00eda, dinero y se emitir\u00e1n menos emisiones de C02. La\u00a0tecnolog\u00eda inverter\u00a0evita que el sistema se apague y se encienda continuamente cuando el dispositivo alcanza la temperatura deseada. En su lugar funciona\u00a0manteniendo la temperatura constante\u00a0a un nivel de trabajo m\u00e1s bajo [&hellip;]<\/p>\n","protected":false},"featured_media":645,"comment_status":"open","ping_status":"closed","template":"","meta":[],"product_brand":[],"product_cat":[30],"product_tag":[],"class_list":{"0":"post-644","1":"product","2":"type-product","3":"status-publish","4":"has-post-thumbnail","6":"product_cat-climatizacion","8":"first","9":"instock","10":"sale","11":"taxable","12":"shipping-taxable","13":"purchasable","14":"product-type-simple"},"aioseo_notices":[],"_links":{"self":[{"href":"https:\/\/electropiedra.com\/index.php?rest_route=\/wp\/v2\/product\/644","targetHints":{"allow":["GET"]}}],"collection":[{"href":"https:\/\/electropiedra.com\/index.php?rest_route=\/wp\/v2\/product"}],"about":[{"href":"https:\/\/electropiedra.com\/index.php?rest_route=\/wp\/v2\/types\/product"}],"replies":[{"embeddable":true,"href":"https:\/\/electropiedra.com\/index.php?rest_route=%2Fwp%2Fv2%2Fcomments&post=644"}],"wp:featuredmedia":[{"embeddable":true,"href":"https:\/\/electropiedra.com\/index.php?rest_route=\/wp\/v2\/media\/645"}],"wp:attachment":[{"href":"https:\/\/electropiedra.com\/index.php?rest_route=%2Fwp%2Fv2%2Fmedia&parent=644"}],"wp:term":[{"taxonomy":"product_brand","embeddable":true,"href":"https:\/\/electropiedra.com\/index.php?rest_route=%2Fwp%2Fv2%2Fproduct_brand&post=644"},{"taxonomy":"product_cat","embeddable":true,"href":"https:\/\/electropiedra.com\/index.php?rest_route=%2Fwp%2Fv2%2Fproduct_cat&post=644"},{"taxonomy":"product_tag","embeddable":true,"href":"https:\/\/electropiedra.com\/index.php?rest_route=%2Fwp%2Fv2%2Fproduct_tag&post=644"}],"curies":[{"name":"wp","href":"https:\/\/api.w.org\/{rel}","templated":true}]}}