{"id":648,"date":"2024-11-22T14:27:49","date_gmt":"2024-11-22T13:27:49","guid":{"rendered":"https:\/\/electropiedra.com\/?post_type=product&#038;p=648"},"modified":"2024-11-28T09:54:48","modified_gmt":"2024-11-28T08:54:48","slug":"instalacion-de-interruptores-inalambricos-almeria","status":"publish","type":"product","link":"https:\/\/electropiedra.com\/?product=instalacion-de-interruptores-inalambricos-almeria","title":{"rendered":"Instalaci\u00f3n de interruptores inal\u00e1mbricos Almer\u00eda"},"content":{"rendered":"<p>Servicio de instalaci\u00f3n de interruptor inal\u00e1mbricos\u00a0 en hogar o negocios a domicilio en provincia de Almer\u00eda<\/p>\n<p>Precio por instalaci\u00f3n unitario<\/p>\n","protected":false},"excerpt":{"rendered":"<p>Servicio de instalaci\u00f3n de interruptor inal\u00e1mbricos\u00a0 en hogar o negocios a domicilio en provincia de Almer\u00eda Precio por instalaci\u00f3n unitario<\/p>\n","protected":false},"featured_media":649,"comment_status":"open","ping_status":"closed","template":"","meta":[],"product_brand":[],"product_cat":[19,42],"product_tag":[],"class_list":{"0":"post-648","1":"product","2":"type-product","3":"status-publish","4":"has-post-thumbnail","6":"product_cat-electricidad-hogar","7":"product_cat-servicio-de-instalacion","9":"first","10":"instock","11":"sale","12":"downloadable","13":"taxable","14":"shipping-taxable","15":"purchasable","16":"product-type-simple"},"aioseo_notices":[],"_links":{"self":[{"href":"https:\/\/electropiedra.com\/index.php?rest_route=\/wp\/v2\/product\/648","targetHints":{"allow":["GET"]}}],"collection":[{"href":"https:\/\/electropiedra.com\/index.php?rest_route=\/wp\/v2\/product"}],"about":[{"href":"https:\/\/electropiedra.com\/index.php?rest_route=\/wp\/v2\/types\/product"}],"replies":[{"embeddable":true,"href":"https:\/\/electropiedra.com\/index.php?rest_route=%2Fwp%2Fv2%2Fcomments&post=648"}],"wp:featuredmedia":[{"embeddable":true,"href":"https:\/\/electropiedra.com\/index.php?rest_route=\/wp\/v2\/media\/649"}],"wp:attachment":[{"href":"https:\/\/electropiedra.com\/index.php?rest_route=%2Fwp%2Fv2%2Fmedia&parent=648"}],"wp:term":[{"taxonomy":"product_brand","embeddable":true,"href":"https:\/\/electropiedra.com\/index.php?rest_route=%2Fwp%2Fv2%2Fproduct_brand&post=648"},{"taxonomy":"product_cat","embeddable":true,"href":"https:\/\/electropiedra.com\/index.php?rest_route=%2Fwp%2Fv2%2Fproduct_cat&post=648"},{"taxonomy":"product_tag","embeddable":true,"href":"https:\/\/electropiedra.com\/index.php?rest_route=%2Fwp%2Fv2%2Fproduct_tag&post=648"}],"curies":[{"name":"wp","href":"https:\/\/api.w.org\/{rel}","templated":true}]}}