{"id":653,"date":"2024-11-22T14:31:55","date_gmt":"2024-11-22T13:31:55","guid":{"rendered":"https:\/\/electropiedra.com\/?post_type=product&#038;p=653"},"modified":"2024-12-21T20:34:10","modified_gmt":"2024-12-21T19:34:10","slug":"instalacion-de-aire-acondicionado-1-x-1-almeria-3-metros","status":"publish","type":"product","link":"https:\/\/electropiedra.com\/?product=instalacion-de-aire-acondicionado-1-x-1-almeria-3-metros","title":{"rendered":"Instalaci\u00f3n de Aire Acondicionado 1 x 1 &#8211; Almer\u00eda-3 metros"},"content":{"rendered":"<p>Servicio de Instalaci\u00f3n de Aire Acondicionado 1 x 1 &#8211; Almeria<\/p>\n<p>Hasta 3 metros de distancia de unidad interior y exterior<\/p>\n<p>Precio por instalaci\u00f3n<\/p>\n<p><span class=\"mat-content ng-tns-c2622717266-4\">\u00bfQu\u00e9 incluye?<\/span><\/p>\n<div id=\"cdk-accordion-child-0\" class=\"mat-expansion-panel-content ng-tns-c857250080-3 ng-trigger ng-trigger-bodyExpansion\" role=\"region\" aria-labelledby=\"mat-expansion-panel-header-0\">\n<div class=\"mat-expansion-panel-body ng-tns-c857250080-3\">\n<ul class=\"ng-tns-c857250080-3\">\n<li class=\"ng-star-inserted\">Instalaci\u00f3n de la unidad interior y exterior en un lugar accesible.<\/li>\n<li class=\"ng-star-inserted\">Hasta 3m de linea el\u00e9ctrica y clavija.<\/li>\n<li class=\"ng-star-inserted\">Hasta 3m de l\u00ednea frigor\u00edfica y aislante.<\/li>\n<li class=\"ng-star-inserted\">Hasta 3m de l\u00ednea el\u00e9ctrica de interconexi\u00f3n.<\/li>\n<li class=\"ng-star-inserted\">Hasta 2m de desag\u00fce.<\/li>\n<li class=\"ng-star-inserted\">Hasta 1m de canaleta interior.<\/li>\n<li class=\"ng-star-inserted\">1 pasamuros exceptuando en hormig\u00f3n.<\/li>\n<li class=\"ng-star-inserted\">Puesta en funcionamiento del aparato de A\/A.<\/li>\n<li class=\"ng-star-inserted\">Certificado de instalaci\u00f3n.<\/li>\n<li><\/li>\n<li class=\"ng-star-inserted\"><span class=\"mat-content ng-tns-c2622717266-6\">\u00bfQu\u00e9 excluye?<\/span>\n<div id=\"cdk-accordion-child-1\" class=\"mat-expansion-panel-content ng-tns-c857250080-5 ng-trigger ng-trigger-bodyExpansion\" role=\"region\" aria-labelledby=\"mat-expansion-panel-header-1\">\n<div class=\"mat-expansion-panel-body ng-tns-c857250080-5\">\n<ul class=\"ng-tns-c857250080-5\">\n<li class=\"ng-star-inserted\">No est\u00e1 incluido el aparato de aire acondicionado.<\/li>\n<li class=\"ng-star-inserted\">No est\u00e1 incluido el desmontaje del equipo antiguo. Si necesita retiralo, comentarlo con el profesional para incluir un servicio extra a a\u00f1adir al precio de instalaci\u00f3n.<\/li>\n<li class=\"ng-star-inserted\">Piezas de uni\u00f3n ni metros adicionales a los incluidos de linea el\u00e9ctrica, frigor\u00edfica, aislante, de interconexi\u00f3n, desague y canaleta.<\/li>\n<li class=\"ng-star-inserted\">Pasamuros de hormig\u00f3n clima o ladrillo clima.<\/li>\n<li class=\"ng-star-inserted\">Apertura y cierre de rozas, remates de yeso, alisado, pintura o alba\u00f1iler\u00eda.<\/li>\n<li class=\"ng-star-inserted\">La modificaci\u00f3n y\/o realizaci\u00f3n de tomas el\u00e9ctricas.<\/li>\n<li class=\"ng-star-inserted\">No incluye soporte diferente al b\u00e1sico.<\/li>\n<li class=\"ng-star-inserted\">El uso de cualquier elemento extra de seguridad como andamio,escalera telesc\u00f3pica, grua o seguridad en cubierta. Si es necesario, se comentar\u00e1 con el profesional y se incluira como un servicio extra a a\u00f1adir al precio de instalaci\u00f3n.<\/li>\n<li class=\"ng-star-inserted\">La colocaci\u00f3n del soporte botella condensados.<\/li>\n<li class=\"ng-star-inserted\">Instalaci\u00f3n de bomba de condensados.<\/li>\n<li class=\"ng-star-inserted\">Limpieza de la preinstalaci\u00f3n con nitr\u00f3geno.<\/li>\n<li class=\"ng-star-inserted\">Carga adicional de gas.<\/li>\n<li class=\"ng-star-inserted\">El temporizador para cortar A\/A.<\/li>\n<li class=\"ng-star-inserted\">Prueba de est\u00e1nqueidad.<\/li>\n<li class=\"ng-star-inserted\">No incluye el movimiento o desmontaje de muebles o enseres.<\/li>\n<li class=\"ng-star-inserted\">Licencias, memorias y proyectos.<\/li>\n<li class=\"ng-star-inserted\">Soporte b\u00e1sico pared\/suelo y antivibrante.<\/li>\n<\/ul>\n<\/div>\n<\/div>\n<\/li>\n<\/ul>\n<\/div>\n<\/div>\n","protected":false},"excerpt":{"rendered":"<p>Servicio de Instalaci\u00f3n de Aire Acondicionado 1 x 1 &#8211; Almeria Hasta 3 metros de distancia de unidad interior y exterior Precio por instalaci\u00f3n \u00bfQu\u00e9 incluye? Instalaci\u00f3n de la unidad interior y exterior en un lugar accesible. Hasta 3m de linea el\u00e9ctrica y clavija. Hasta 3m de l\u00ednea frigor\u00edfica y aislante. Hasta 3m de l\u00ednea [&hellip;]<\/p>\n","protected":false},"featured_media":649,"comment_status":"open","ping_status":"closed","template":"","meta":[],"product_brand":[],"product_cat":[30,42],"product_tag":[],"class_list":{"0":"post-653","1":"product","2":"type-product","3":"status-publish","4":"has-post-thumbnail","6":"product_cat-climatizacion","7":"product_cat-servicio-de-instalacion","9":"first","10":"instock","11":"sale","12":"downloadable","13":"taxable","14":"shipping-taxable","15":"purchasable","16":"product-type-simple"},"aioseo_notices":[],"_links":{"self":[{"href":"https:\/\/electropiedra.com\/index.php?rest_route=\/wp\/v2\/product\/653","targetHints":{"allow":["GET"]}}],"collection":[{"href":"https:\/\/electropiedra.com\/index.php?rest_route=\/wp\/v2\/product"}],"about":[{"href":"https:\/\/electropiedra.com\/index.php?rest_route=\/wp\/v2\/types\/product"}],"replies":[{"embeddable":true,"href":"https:\/\/electropiedra.com\/index.php?rest_route=%2Fwp%2Fv2%2Fcomments&post=653"}],"wp:featuredmedia":[{"embeddable":true,"href":"https:\/\/electropiedra.com\/index.php?rest_route=\/wp\/v2\/media\/649"}],"wp:attachment":[{"href":"https:\/\/electropiedra.com\/index.php?rest_route=%2Fwp%2Fv2%2Fmedia&parent=653"}],"wp:term":[{"taxonomy":"product_brand","embeddable":true,"href":"https:\/\/electropiedra.com\/index.php?rest_route=%2Fwp%2Fv2%2Fproduct_brand&post=653"},{"taxonomy":"product_cat","embeddable":true,"href":"https:\/\/electropiedra.com\/index.php?rest_route=%2Fwp%2Fv2%2Fproduct_cat&post=653"},{"taxonomy":"product_tag","embeddable":true,"href":"https:\/\/electropiedra.com\/index.php?rest_route=%2Fwp%2Fv2%2Fproduct_tag&post=653"}],"curies":[{"name":"wp","href":"https:\/\/api.w.org\/{rel}","templated":true}]}}