{"id":655,"date":"2024-11-22T14:35:32","date_gmt":"2024-11-22T13:35:32","guid":{"rendered":"https:\/\/electropiedra.com\/?post_type=product&#038;p=655"},"modified":"2024-11-22T14:39:31","modified_gmt":"2024-11-22T13:39:31","slug":"instalacion-de-motorizar-persiana-en-hogar-almeria","status":"publish","type":"product","link":"https:\/\/electropiedra.com\/?product=instalacion-de-motorizar-persiana-en-hogar-almeria","title":{"rendered":"Instalaci\u00f3n de Motorizar persiana en hogar Almer\u00eda"},"content":{"rendered":"<p>Servicio de Motorizar persiana en hogar o negocios a domicilio en provincia de Almer\u00eda<\/p>\n<p>Precio por instalaci\u00f3n unitario<\/p>\n","protected":false},"excerpt":{"rendered":"<p>Servicio de Motorizar persiana en hogar o negocios a domicilio en provincia de Almer\u00eda Precio por instalaci\u00f3n unitario<\/p>\n","protected":false},"featured_media":649,"comment_status":"open","ping_status":"closed","template":"","meta":[],"product_brand":[],"product_cat":[18],"product_tag":[],"class_list":{"0":"post-655","1":"product","2":"type-product","3":"status-publish","4":"has-post-thumbnail","6":"product_cat-uncategorized","8":"first","9":"instock","10":"sale","11":"downloadable","12":"taxable","13":"shipping-taxable","14":"purchasable","15":"product-type-simple"},"aioseo_notices":[],"_links":{"self":[{"href":"https:\/\/electropiedra.com\/index.php?rest_route=\/wp\/v2\/product\/655","targetHints":{"allow":["GET"]}}],"collection":[{"href":"https:\/\/electropiedra.com\/index.php?rest_route=\/wp\/v2\/product"}],"about":[{"href":"https:\/\/electropiedra.com\/index.php?rest_route=\/wp\/v2\/types\/product"}],"replies":[{"embeddable":true,"href":"https:\/\/electropiedra.com\/index.php?rest_route=%2Fwp%2Fv2%2Fcomments&post=655"}],"wp:featuredmedia":[{"embeddable":true,"href":"https:\/\/electropiedra.com\/index.php?rest_route=\/wp\/v2\/media\/649"}],"wp:attachment":[{"href":"https:\/\/electropiedra.com\/index.php?rest_route=%2Fwp%2Fv2%2Fmedia&parent=655"}],"wp:term":[{"taxonomy":"product_brand","embeddable":true,"href":"https:\/\/electropiedra.com\/index.php?rest_route=%2Fwp%2Fv2%2Fproduct_brand&post=655"},{"taxonomy":"product_cat","embeddable":true,"href":"https:\/\/electropiedra.com\/index.php?rest_route=%2Fwp%2Fv2%2Fproduct_cat&post=655"},{"taxonomy":"product_tag","embeddable":true,"href":"https:\/\/electropiedra.com\/index.php?rest_route=%2Fwp%2Fv2%2Fproduct_tag&post=655"}],"curies":[{"name":"wp","href":"https:\/\/api.w.org\/{rel}","templated":true}]}}