{"id":785,"date":"2024-11-26T13:22:02","date_gmt":"2024-11-26T12:22:02","guid":{"rendered":"https:\/\/electropiedra.com\/?post_type=product&#038;p=785"},"modified":"2024-11-27T11:12:21","modified_gmt":"2024-11-27T10:12:21","slug":"aire-acondicionado-split-3010-frigorias-con-bomba-de-calor","status":"publish","type":"product","link":"https:\/\/electropiedra.com\/?product=aire-acondicionado-split-3010-frigorias-con-bomba-de-calor","title":{"rendered":"Aire acondicionado Split\u00a03010 frigor\u00edas.\u00a0Con\u00a0bomba de calor."},"content":{"rendered":"<h3>Informaci\u00f3n del producto<\/h3>\n<p style=\"font-weight: 400;\">Aire acondicionado split\u00a0<b><span style=\"font-style: inherit;\">3010 frigor\u00edas.<\/span><\/b>\u00a0Con\u00a0<b><span style=\"font-style: inherit;\">bomba de calor<\/span><\/b>. Para estancias de hasta\u00a0<b><span style=\"font-style: inherit;\">27m2<\/span><\/b>, tuber\u00eda frigor\u00edfica\u00a0<b><span style=\"font-style: inherit;\">1\/4&#8243; y 3\/8&#8243;<\/span><\/b>\u00a0y gas\u00a0<b><span style=\"font-style: inherit;\">R32.<\/span><\/b><\/p>\n<ul>\n<li style=\"font-weight: 400;\">Clasificaci\u00f3n energ\u00e9tica fr\u00edo\/calor:<b><span style=\"font-style: inherit;\">A++\/A+.<\/span><\/b><\/li>\n<li style=\"font-weight: 400;\">Presi\u00f3n sonora:<b><span style=\"font-style: inherit;\">22dB.<\/span><\/b><\/li>\n<li style=\"font-weight: 400;\">Dimensiones: unidad interior<b><span style=\"font-style: inherit;\">80,5&#215;19,4&#215;28,5 cm<\/span><\/b><b><span style=\"font-style: inherit;\">.\u00a0<\/span><\/b>Unidad exterior<b><span style=\"font-style: inherit;\">72x27x49,5 cm.<\/span><\/b><\/li>\n<li style=\"font-weight: 400;\">Ventajas:<b><span style=\"font-style: inherit;\">Wifi opcional.<\/span><\/b>Compatible Alexa y Google Home<b><span style=\"font-style: inherit;\">.<\/span><\/b><\/li>\n<li style=\"font-weight: 400;\">Funci\u00f3n deshumidificador<\/li>\n<li style=\"font-weight: 400;\">Autolimpieza<\/li>\n<li style=\"font-weight: 400;\">Incluye Filtro Cold Catalist + Carb\u00f3nactivo + Silver Ion<\/li>\n<\/ul>\n<p style=\"font-weight: 400;\">El equipo de aire acondicionado Bodner es la elecci\u00f3n perfecta para refrescar cualquier espacio en tu hogar.<\/p>\n<p style=\"font-weight: 400;\">Ofrece una funci\u00f3n de\u00a0<b><span style=\"font-style: inherit;\">bomba<\/span><\/b><b><span style=\"font-style: inherit;\">\u00a0de calor<\/span><\/b>\u00a0con una potencia calor\u00edfica de 3.270, lo que te permite aprovecharlo tambi\u00e9n en las estaciones m\u00e1s fr\u00edas del a\u00f1o.<\/p>\n<p><b><span style=\"font-style: inherit;\">Adem\u00e1s, con la\u00a0<\/span><\/b><b><span style=\"font-style: inherit;\">funcionalidad I-feel, podr\u00e1s guardar la temperatura deseada y manten<\/span><\/b><b><span style=\"font-style: inherit;\">erla<\/span><\/b>\u00a0constante para asegurarte de que el ambiente est\u00e9 siempre a tu gusto. Con su\u00a0<b><span style=\"font-style: inherit;\">modo silencioso<\/span><\/b>, podr\u00e1s activarlo sin preocuparte por el ruido, e incluso\u00a0<b><span style=\"font-style: inherit;\">programar las horas de encendido y apagado a trav\u00e9s del temporizador.<\/span><\/b><\/p>\n<p style=\"font-weight: 400;\">Debido a la eficacia de este sistema de climatizaci\u00f3n gracias a su reducido consumo energ\u00e9tico, experimentar\u00e1s\u00a0<b><span style=\"font-style: inherit;\">ahorros en energ\u00eda hasta un 30%<\/span><\/b>, as\u00ed como en tu bolsillo, adem\u00e1s de una disminuci\u00f3n en las emisiones de CO2.<\/p>\n<p>La innovadora\u00a0<b><span style=\"font-style: inherit;\">tecnolog\u00eda inverter<\/span><\/b>\u00a0evita los ciclos de encendido y apagado frecuentes cuando el dispositivo alcanza la temperatura deseada. En su lugar, opera\u00a0<b><span style=\"font-style: inherit;\">manteniendo una temperatura constante<\/span><\/b>\u00a0a un nivel de trabajo m\u00e1s moderado y suficiente, prolongando as\u00ed su vida \u00fatil y maximizando su eficiencia en el consumo energ\u00e9tico.<\/p>\n<p>Gracias a esta utilizaci\u00f3n eficiente de la energ\u00eda, lograr\u00e1s una reducci\u00f3n de hasta un 30% en tu consumo el\u00e9ctrico, reflejado en tu factura.<\/p>\n<p>Con una distinci\u00f3n de\u00a0<b><span style=\"font-style: inherit;\">A++ en modo de enfriamiento y A+ en calefacci\u00f3n<\/span><\/b>, podr\u00e1s disfrutar de un rendimiento energ\u00e9tico \u00f3ptimo en tu aire acondicionado y bomba de calor sin inquietarte por el gasto en electricidad.<\/p>\n<p><b><span style=\"font-style: inherit;\">De acuerdo con el \u00faltimo an\u00e1lisis de la OCU, la bomba de calor se destaca como el dispositivo m\u00e1s recomendado debido a su versatilidad y su m\u00e9todo de trabajo<\/span><\/b>, que invierte el proceso natural para regular la temperatura del aire a partir de la energ\u00eda del ambiente.<\/p>\n<p style=\"font-weight: 400;\">No te preocupes por la limpieza del dispositivo, ya que incorpora una funci\u00f3n de\u00a0<b><span style=\"font-style: inherit;\">autolimpieza<\/span><\/b>, liber\u00e1ndote de la tarea de mantenimiento.<\/p>\n<p>\u00bfLo utilizar\u00e1s en tu casa de la costa? Este sistema incluye la \u00abProtecci\u00f3n Golden Fin\u00bb, que combate la corrosi\u00f3n del compresor, asegurando un rendimiento \u00f3ptimo donde m\u00e1s lo necesitas.<\/p>\n<p>Por \u00faltimo, gracias a su opci\u00f3n de\u00a0<b><span style=\"font-style: inherit;\">conexi\u00f3n WIFI<\/span><\/b>, tendr\u00e1s la posibilidad de enlazarlo con Alexa o tu tel\u00e9fono m\u00f3vil a trav\u00e9s de la aplicaci\u00f3n Google Home.<\/p>\n<p>Con una excepcional relaci\u00f3n calidad-precio, accesible para todos los usuarios, ya sea en tu hogar o en un entorno industrial. La firma espa\u00f1ola Bodner, con m\u00e1s de una d\u00e9cada de experiencia como fabricante, proporciona las soluciones m\u00e1s destacadas en climatizaci\u00f3n tanto para uso personal como profesional. Como marca y fabricante exclusivo para Brico Depot, puedes confiar en la calidad y eficiencia de nuestros productos para cubrir tus necesidades en climatizaci\u00f3n.<\/p>\n","protected":false},"excerpt":{"rendered":"<p>Informaci\u00f3n del producto Aire acondicionado split\u00a03010 frigor\u00edas.\u00a0Con\u00a0bomba de calor. Para estancias de hasta\u00a027m2, tuber\u00eda frigor\u00edfica\u00a01\/4&#8243; y 3\/8&#8243;\u00a0y gas\u00a0R32. Clasificaci\u00f3n energ\u00e9tica fr\u00edo\/calor:A++\/A+. Presi\u00f3n sonora:22dB. Dimensiones: unidad interior80,5&#215;19,4&#215;28,5 cm.\u00a0Unidad exterior72x27x49,5 cm. Ventajas:Wifi opcional.Compatible Alexa y Google Home. Funci\u00f3n deshumidificador Autolimpieza Incluye Filtro Cold Catalist + Carb\u00f3nactivo + Silver Ion El equipo de aire acondicionado Bodner es la [&hellip;]<\/p>\n","protected":false},"featured_media":786,"comment_status":"open","ping_status":"closed","template":"","meta":[],"product_brand":[],"product_cat":[30],"product_tag":[],"class_list":{"0":"post-785","1":"product","2":"type-product","3":"status-publish","4":"has-post-thumbnail","6":"product_cat-climatizacion","8":"first","9":"instock","10":"sale","11":"featured","12":"taxable","13":"shipping-taxable","14":"purchasable","15":"product-type-simple"},"aioseo_notices":[],"_links":{"self":[{"href":"https:\/\/electropiedra.com\/index.php?rest_route=\/wp\/v2\/product\/785","targetHints":{"allow":["GET"]}}],"collection":[{"href":"https:\/\/electropiedra.com\/index.php?rest_route=\/wp\/v2\/product"}],"about":[{"href":"https:\/\/electropiedra.com\/index.php?rest_route=\/wp\/v2\/types\/product"}],"replies":[{"embeddable":true,"href":"https:\/\/electropiedra.com\/index.php?rest_route=%2Fwp%2Fv2%2Fcomments&post=785"}],"wp:featuredmedia":[{"embeddable":true,"href":"https:\/\/electropiedra.com\/index.php?rest_route=\/wp\/v2\/media\/786"}],"wp:attachment":[{"href":"https:\/\/electropiedra.com\/index.php?rest_route=%2Fwp%2Fv2%2Fmedia&parent=785"}],"wp:term":[{"taxonomy":"product_brand","embeddable":true,"href":"https:\/\/electropiedra.com\/index.php?rest_route=%2Fwp%2Fv2%2Fproduct_brand&post=785"},{"taxonomy":"product_cat","embeddable":true,"href":"https:\/\/electropiedra.com\/index.php?rest_route=%2Fwp%2Fv2%2Fproduct_cat&post=785"},{"taxonomy":"product_tag","embeddable":true,"href":"https:\/\/electropiedra.com\/index.php?rest_route=%2Fwp%2Fv2%2Fproduct_tag&post=785"}],"curies":[{"name":"wp","href":"https:\/\/api.w.org\/{rel}","templated":true}]}}