{"id":871,"date":"2024-11-27T11:09:46","date_gmt":"2024-11-27T10:09:46","guid":{"rendered":"https:\/\/electropiedra.com\/?post_type=product&#038;p=871"},"modified":"2024-11-27T11:09:46","modified_gmt":"2024-11-27T10:09:46","slug":"aire-acondicionado-cassette-4400-frg","status":"publish","type":"product","link":"https:\/\/electropiedra.com\/?product=aire-acondicionado-cassette-4400-frg","title":{"rendered":"Aire acondicionado Cassette 4400 frg"},"content":{"rendered":"<p>Modelo: Aire acondicionado cassette.<br \/>\nPotencia frigor\u00edfica: 4.400 Frg.<br \/>\nSCOP: 4.<br \/>\nClasificaci\u00f3n energ\u00e9tica frigor\u00edfica: A++.<br \/>\nClasificaci\u00f3n energ\u00e9tica calor\u00edfica: A+.<br \/>\nRefrigerante tipo\/carga: R32\/2\/p&gt;<\/p>\n","protected":false},"excerpt":{"rendered":"<p>Modelo: Aire acondicionado cassette. Potencia frigor\u00edfica: 4.400 Frg. SCOP: 4. Clasificaci\u00f3n energ\u00e9tica frigor\u00edfica: A++. Clasificaci\u00f3n energ\u00e9tica calor\u00edfica: A+. Refrigerante tipo\/carga: R32\/2\/p&gt;<\/p>\n","protected":false},"featured_media":872,"comment_status":"open","ping_status":"closed","template":"","meta":[],"product_brand":[],"product_cat":[30],"product_tag":[],"class_list":{"0":"post-871","1":"product","2":"type-product","3":"status-publish","4":"has-post-thumbnail","6":"product_cat-climatizacion","7":"product_shipping_class-mas-de-0-5-kg","9":"first","10":"instock","11":"sale","12":"taxable","13":"shipping-taxable","14":"purchasable","15":"product-type-simple"},"aioseo_notices":[],"_links":{"self":[{"href":"https:\/\/electropiedra.com\/index.php?rest_route=\/wp\/v2\/product\/871","targetHints":{"allow":["GET"]}}],"collection":[{"href":"https:\/\/electropiedra.com\/index.php?rest_route=\/wp\/v2\/product"}],"about":[{"href":"https:\/\/electropiedra.com\/index.php?rest_route=\/wp\/v2\/types\/product"}],"replies":[{"embeddable":true,"href":"https:\/\/electropiedra.com\/index.php?rest_route=%2Fwp%2Fv2%2Fcomments&post=871"}],"wp:featuredmedia":[{"embeddable":true,"href":"https:\/\/electropiedra.com\/index.php?rest_route=\/wp\/v2\/media\/872"}],"wp:attachment":[{"href":"https:\/\/electropiedra.com\/index.php?rest_route=%2Fwp%2Fv2%2Fmedia&parent=871"}],"wp:term":[{"taxonomy":"product_brand","embeddable":true,"href":"https:\/\/electropiedra.com\/index.php?rest_route=%2Fwp%2Fv2%2Fproduct_brand&post=871"},{"taxonomy":"product_cat","embeddable":true,"href":"https:\/\/electropiedra.com\/index.php?rest_route=%2Fwp%2Fv2%2Fproduct_cat&post=871"},{"taxonomy":"product_tag","embeddable":true,"href":"https:\/\/electropiedra.com\/index.php?rest_route=%2Fwp%2Fv2%2Fproduct_tag&post=871"}],"curies":[{"name":"wp","href":"https:\/\/api.w.org\/{rel}","templated":true}]}}